{"id":9,"date":"2016-07-24T10:15:30","date_gmt":"2016-07-24T10:15:30","guid":{"rendered":"http:\/\/fyndanis.com\/?page_id=9"},"modified":"2026-04-21T10:58:01","modified_gmt":"2026-04-21T10:58:01","slug":"papers","status":"publish","type":"page","link":"https:\/\/fyndanis.com\/?page_id=9","title":{"rendered":"Papers (selection)"},"content":{"rendered":"<p><strong>Papers in peer-reviewed international journals<\/strong><\/p>\n<p>1. Arslan, S., Norvik, M. I., Alyahya, R. S. W., Anjum, J., <strong>Fyndanis<\/strong>, V., Grima R, Mart\u00ednez-Ferreiro, S., Munarriz-Ibarrola, A., Pe\u00f1aloza, C., Pierce, J. E., Pourqui\u00e9, M., Python, G., Scheffer, S. D., Soroli, E., Sze, W. P., &amp; Kambanaros, M. (2026). <a href=\"https:\/\/journals.plos.org\/plosone\/article?id=10.1371\/journal.pone.0346488\">Characterizing the linguistic profiles, training needs, and caseloads of speech language pathologists providing clinical services to multilingual people with aphasia: The international Multilingual Aphasia Practices (MAP) consensus group survey.<\/a> <em>PLoS One, <\/em><em>21<\/em>(3), e0346488. DOI: 10.1371\/journal.pone.0346488<\/p>\n<p>2. Mati\u0107 \u0160kori\u0107, A., Pourqui\u00e9, M., Norvik, M., Kuva\u010d Kraljevi\u0107, J., Simonsen, H. G., Mart\u00ednez-Ferreiro, S., <strong>Fyndanis<\/strong>, V., Munarriz-Ibarrola, A., Soroli, E., Kong, A. P.-H., Anjum, J., Niharika, M. K., Sze, W. P., Salmons, I., Gavarr\u00f3, A., Rofes, A., Grima, R., Python, G., Alyahya, R. S. W., &#8230; Arslan, S. (2026). <a href=\"https:\/\/www.sciencedirect.com\/science\/article\/abs\/pii\/S0010945226000626\">Setting a research agenda for the assessment and treatment of aphasia in minority languages.<\/a> <em>Cortex, 198<\/em>, 13-26.\u00a0DOI: 1016\/j.cortex.2026.02.013<\/p>\n<p>3. Mart\u00ednez-Ferreiro, S., Arslan, S., <strong>Fyndanis<\/strong>, V., Howard, D., Kuva\u010d Kraljevi\u0107, J., Mati\u0107 \u0160kori\u0107, A.,\u00a0Munarriz-Ibarrola, A., Norvik, M., Pe\u00f1aloza, C., Pourqui\u00e9, M., Simonsen, H. G., Swinburn, K., Varlokosta, S.,\u00a0&amp; Soroli, E. (2026). <a href=\"https:\/\/www.tandfonline.com\/doi\/full\/10.1080\/02687038.2024.2343456\">Guidelines and recommendations for cross-linguistic aphasia assessment: A review of 10 years of Comprehensive Aphasia Test adaptations<\/a>. <em>Aphasiology<\/em>, <em>40<\/em>(2), 215\u2013239. DOI: 10.1080\/02687038.2024.2343456<\/p>\n<p>4. <strong>Fyndanis<\/strong>, V., Burgio, F., Buivolova, O., Danesin, L., Gardner, Q., Kalpakidi, T., Scimeca, M., Soilemezidi, M., Kiran, S., &amp; Dragoy, O. (2025). <a href=\"https:\/\/doi.org\/10.1080\/02687038.2024.2415927\">Teasing apart time reference-related encoding and retrieval deficits in aphasia: Evidence from Greek, Russian, Italian and English.<\/a> <em>Aphasiology<\/em>, <em>39<\/em>(9), 1242\u20131276. DOI: 10.1080\/02687038.2024.2415927<\/p>\n<p>5. Johannessen, J. B., Lundquist, B., Rodina, Y., Tengesdal, E., Kaldhol, N. H., T\u00fcrker-Van der Heiden, E., &amp; <strong>Fyndanis<\/strong>, V. (2025). <a href=\"https:\/\/journals.sagepub.com\/doi\/10.1177\/02676583241227709\">Cross-linguistic effects in grammatical gender assignment and predictive processing in Greek, Russian, and Turkish speakers of Norwegian as a second language<\/a>. <em>Second Language Research<\/em>, <em>41<\/em>(1), 217\u2013259. DOI: 10.1177\/02676583241227709<\/p>\n<p>6. Soilemezidi, M., Kubota, M., Chrisikopoulou, M., &amp; <strong>Fyndanis<\/strong>, V. (2024). <a href=\"https:\/\/onlinelibrary.wiley.com\/doi\/full\/10.1111\/tops.12750\">Independent effects of age, education, verbal working memory, motor speed of processing, locality and morphosyntactic category on verb-related morphosyntactic production: Evidence from healthy aging.<\/a> <em>Topics in Cognitive Science<\/em>, <em>00<\/em>, 1\u201338. DOI: 10.1111\/tops.12750<\/p>\n<p>7. Lehtonen, M., <strong>Fyndanis<\/strong>, V., &amp; Jylkk\u00e4, J. (2023). <a href=\"https:\/\/www.nature.com\/articles\/s44159-023-00178-9\">The relationship between bilingual language use and executive functions.<\/a> <em>Nature Reviews Psychology, 2<\/em>, 360\u2013373. DOI: 10.1038\/s44159-023-00178-9<\/p>\n<p>8. <strong>Fyndanis<\/strong>, V., Cameron, S., Hansen, P. B., Norvik, M. I., &amp; Simonsen, H. G. (2023). <a href=\"https:\/\/www.cambridge.org\/core\/journals\/bilingualism-language-and-cognition\/article\/multilingualism-and-verbal-shorttermworking-memory-evidence-from-academics\/9B1A58A92EEA19C919A11D869D9B0481\">Multilingualism and verbal short-term\/working memory: Evidence from academics.<\/a> <em>Bilingualism: Language and Cognition, 26<\/em>(3), 490\u2013503. DOI: 10.1017\/S1366728922000621<\/p>\n<p>9. <strong style=\"font-size: inherit;\">Fyndanis<\/strong><span style=\"font-size: inherit;\">, V., Miceli, G., Capasso, R., <\/span><span style=\"font-size: inherit;\">Killmer, H. G., Malefaki, S., &amp; Grohmann, K. K. (2023). <a href=\"https:\/\/link.springer.com\/article\/10.1007\/s10936-022-09894-4\">Production of sentential negation in German and Italian non-fluent aphasia<\/a>. <\/span><em style=\"font-size: inherit;\">Journal of Psycholinguistic Research, 52<\/em>, 497\u2013524<span style=\"font-size: inherit;\">. DOI: <\/span>10.1007\/s10936-022-09894-4<\/p>\n<p>10. <strong>Fyndanis<\/strong>, V., Masoura, E., Malefaki, S., Chatziadamou, E., Dosi, I., &amp; Caplan, D. (2022). <a href=\"https:\/\/www.frontiersin.org\/articles\/10.3389\/fpsyg.2022.851440\/full?&amp;utm_source=Email_to_authors_&amp;utm_medium=Email&amp;utm_content=T1_11.5e1_author&amp;utm_campaign=Email_publication&amp;field=&amp;journalName=Frontiers_in_Psychology&amp;id=851440\">The role of working memory, short-term memory, speed of processing, education, and locality in verb-related morphosyntactic production: Evidence from Greek.<\/a> <em>Frontiers in Psychology: Language Sciences, 13: <\/em>851440. DOI: 10.3389\/fpsyg.2022.851440<\/p>\n<p>11. Themistocleous, C., <strong>Fyndanis<\/strong>, V., &amp; Tsapkini, K. (2022). <a href=\"https:\/\/www.sciencedirect.com\/science\/article\/pii\/S0167639322000851?casa_token=EHoL1O7LF9oAAAAA:D_LXMY8TLZHf7ABrcDUblrECKnYkAgxne2cYrS2ppZCo453DBvcsyPh1i1OKGDlfnEp8Q6ZDUng\">Sonorant spectra and coarticulation distinguish speakers with different dialects<\/a>. <em>Speech Communication<\/em>, <em>142<\/em>, 1\u201314. DOI:\u00a010.1016\/j.specom.2022.06.002<\/p>\n<p>12. De Bot, K., Plejert, C., Simonsen, H. G., <strong>Fyndanis<\/strong>, V., Hansen, P., Norvik, M. I., Svendsen, B. A., &amp; Svennevig, J. (2020). <a href=\"https:\/\/brill.com\/view\/journals\/rpms\/1\/4\/article-p1_1.xml\">Multilingualism and ageing: An overview<\/a>. <em>Brill Research Perspectives in Multilingualism and Second Language Acquisition<\/em>, <em>1<\/em>(4), 1\u201398. DOI: 10.1163\/2352877X-12340003<\/p>\n<p>13. Garraffa, M., &amp; <strong>Fyndanis<\/strong>, V. (2020). <a href=\"https:\/\/www.tandfonline.com\/doi\/full\/10.1080\/02687038.2020.1770196\">Linguistic theory and aphasia: An overview.<\/a> <em>Aphasiology, 34<\/em>(8)<em>, <\/em>905\u2013926. DOI: 10.1080\/02687038.2020.1770196<\/p>\n<p>14. <strong>Fyndanis<\/strong>, V., Messinis, L., Nasios, G., Dardiotis, E., Martzoukou, M., Pitopoulou, M., Ntoskou, A., &amp; Malefaki, S. (2020). <a href=\"https:\/\/www.frontiersin.org\/articles\/10.3389\/fpsyg.2020.02051\/full\">Impaired verb-related morphosyntactic production in multiple sclerosis: Evidence from Greek.<\/a> <em>Frontiers in Psychology: Language Sciences<\/em>, 11: 2051. DOI: 10.3389\/fpsyg.2020.02051<\/p>\n<p>15. Boumeester, M., Michel, M. C., &amp; <strong>Fyndanis<\/strong>, V. (2019). <a href=\"https:\/\/www.mdpi.com\/2076-328X\/9\/9\/92\">Sequential multilingualism and cognitive abilities: Preliminary data on the contribution of language proficiency and use in different modalities.<\/a> <em>Behavioral Sciences<\/em>, <em>9:<\/em> 92. DOI: 10.3390\/bs9090092<\/p>\n<p>16. <strong>Fyndanis<\/strong>, V., &amp; Themistocleous, C. (2019). <a href=\"https:\/\/www.tandfonline.com\/doi\/abs\/10.1080\/02699206.2018.1480657\">Are there prototypical associations between time frames and aspectual values? Evidence from Greek aphasia and healthy ageing.<\/a> <em>Clinical Linguistics and Phonetics, 33<\/em>(1\u20132), 191\u2013217. DOI: 10.1080\/02699206.2018.1480657<\/p>\n<p>17. <strong>Fyndanis<\/strong>, V., Arcara, G., Capasso, R., Christidou, P., de Pellegrin, S., Gandolfi, M., Messinis, L., Papathanasopoulos, P., Panagea, E., Smania, N., Semenza, C., &amp; Miceli, G. (2018). <a href=\"https:\/\/www.tandfonline.com\/doi\/abs\/10.1080\/02699206.2018.1445291?journalCode=iclp20\">Time reference in nonfluent and fluent aphasia: A cross-linguistic test of the PAst DIscourse LInking Hypothesis<\/a>.<em> Clinical Linguistics and Phonetics, 32<\/em>(9)<em>, <\/em>823\u2013843.\u00a0DOI: 1080\/02699206.2018.1445291<\/p>\n<p>18.<strong> Fyndanis<\/strong>, V., Arcara, G., Christidou, P., &amp; Caplan, D. (2018). <a href=\"https:\/\/jslhr.pubs.asha.org\/article.aspx?articleid=2679124\">Morphosyntactic production and verbal working memory: Evidence from Greek aphasia and healthy aging<\/a>. <em>Journal of Speech, Language and Hearing Research, 61<\/em>(5)<em>, <\/em>1171\u20131187<em>. <\/em>DOI: 10.1044\/2018_JSLHR-L-17-0103<\/p>\n<p>19. <strong>Fyndanis<\/strong>, V., Arfani, D., Varlokosta, S., Burgio, F., Maculan, A., Miceli, G., Arcara, G., Palla, F., Cagnin, A., Papageorgiou, S., &amp; Semenza, C. (2018). <a href=\"http:\/\/www.tandfonline.com\/doi\/abs\/10.1080\/02687038.2017.1358352\" target=\"_blank\" rel=\"noopener noreferrer\">Morphosyntactic production in Greek- and Italian-speaking individuals with probable Alzheimer\u2019s disease: Evidence from subject-verb agreement, tense\/time reference, and mood. <\/a><em>Aphasiology<\/em>, <em>32<\/em>(1), 61\u201387. DOI: 10.1080\/02687038.2017.1358352<\/p>\n<p>20. Rofes, A., Zakari\u00e1s, L., Ceder, K., Lind, M., Blom Johansson, M., De Aguiar, V., Bjeki\u0107, J., <strong>Fyndanis<\/strong>, V., Gavarr\u00f3, A.,\u00a0Simonsen, H. G.,\u00a0Hern\u00e1ndez Sacrist\u00e1n, C., Kambanaros, M., Kuva\u010d Kraljevi\u0107, J., Mart\u00ednez-Ferreiro, S., Mavis, \u0130, M\u00e9ndez Orellana, C., S\u00f6r, I.,\u00a0Luk\u00e1cs, \u00c1.,\u00a0Tun\u00e7er, M., &#8230; Howard, D. (2018). <a href=\"https:\/\/link.springer.com\/article\/10.3758\/s13428-017-0936-0\" target=\"_blank\" rel=\"noopener noreferrer\"> Imageability ratings across languages. <\/a><em>Behavior Research Methods, 50, <\/em>1187\u20131197. DOI: 10.3758\/s13428-017-0936-0<\/p>\n<p>21.<strong> Fyndanis<\/strong>, V., Lind, M., Varlokosta, S., Kambanaros, M., Soroli, E., Ceder, K., Grohmann, K. K., Rofes, A., Simonsen, H. G., Bjeki\u0107, J., Gavarr\u00f3, A., Kuva\u010d Kraljevi\u0107, J., Mart\u00ednez-Ferreiro, S., Munarriz, A., Pourquie, M., Vuksanovi\u0107, J., Zakari\u00e1s, L., &amp; Howard, D. (2017). <a href=\"http:\/\/www.tandfonline.com\/doi\/abs\/10.1080\/02699206.2017.1310299\" target=\"_blank\" rel=\"noopener noreferrer\"> Cross-linguistic adaptations of The Comprehensive Aphasia Test: Challenges and solutions. <\/a><em>Clinical Linguistics and Phonetics<\/em>, <em>31<\/em>(7\u20139), 697\u2013710. DOI: 10.1080\/02699206.2017.1310299<\/p>\n<p>22. Brady, M. C., Ali, M., <strong>Fyndanis<\/strong>, C., Kambanaros, M., Grohmann, K. K., Hern\u00e1ndez-Sacrist\u00e1n, C., Laska, A. C., &amp; Varlokosta, S. (2014). <a href=\"http:\/\/www.tandfonline.com\/doi\/abs\/10.1080\/02687038.2014.930261\" target=\"_blank\" rel=\"noopener noreferrer\"> Time for a step change? Improving the efficiency, relevance, reliability, validity and transparency of aphasia rehabilitation research through core outcome measures, a common data set and improved reporting criteria. <\/a><em>Aphasiology<\/em>, <em>28<\/em>(11), 1385\u20131392. DOI: 10.1080\/02687038.2014.930261<\/p>\n<p>23.<strong> Fyndanis<\/strong>, V., Varlokosta, S., &amp; Tsapkini, K. (2013). <a href=\"http:\/\/www.tandfonline.com\/doi\/abs\/10.1080\/02687038.2013.770817\" target=\"_blank\" rel=\"noopener noreferrer\"> (Morpho)syntactic comprehension in agrammatic aphasia: Evidence from Greek. <\/a><em>Aphasiology<\/em>, <em>27<\/em>(4), 398\u2013419. DOI: 10.1080\/02687038.2013.770817<\/p>\n<p>24. <strong>Fyndanis<\/strong>, V., Manouilidou, C., Koufou, E., Karampekios, S., &amp; Tsapakis, E. M. (2013). <a href=\"http:\/\/www.tandfonline.com\/doi\/abs\/10.1080\/02687038.2012.705814\" target=\"_blank\" rel=\"noopener noreferrer\"> Agrammatic patterns in Alzheimer&#8217;s disease: Evidence from tense, agreement, and aspect. <\/a> <em>Aphasiology<\/em>, <em>27<\/em>(2), 178\u2013200. DOI: 10.1080\/02687038.2012.705814<\/p>\n<p>25.<strong> Fyndanis<\/strong>, V., Varlokosta, S., &amp; Tsapkini, K. (2012). <a href=\"http:\/\/www.sciencedirect.com\/science\/article\/pii\/S0024384112001106\" target=\"_blank\" rel=\"noopener noreferrer\">Agrammatic production: Interpretable features and selective impairment in verb inflection.<\/a> <em>Lingua<\/em>, <em>122<\/em>(10), 1134\u20131147. DOI: 10.1016\/j.lingua.2012.05.004<\/p>\n<p>26.<strong> Fyndanis<\/strong>, V., Varlokosta, S., &amp; Tsapkini, K. (2010). <a href=\"http:\/\/www.sciencedirect.com\/science\/article\/pii\/S0911604410000606\" target=\"_blank\" rel=\"noopener noreferrer\">Exploring <\/a><em><a href=\"http:\/\/www.sciencedirect.com\/science\/article\/pii\/S0911604410000606\" target=\"_blank\" rel=\"noopener noreferrer\">wh<\/a><\/em><a href=\"http:\/\/www.sciencedirect.com\/science\/article\/pii\/S0911604410000606\" target=\"_blank\" rel=\"noopener noreferrer\">-questions in agrammatism: Evidence from Greek. <\/a><em> Journal of Neurolinguistics<\/em>, <em>23<\/em>(6), 644\u2013662. DOI: 10.1016\/j.jneuroling.2010.06.003<\/p>\n<p><strong>Chapters in Collective Volumes<\/strong><\/p>\n<p>27. <strong>Fyndanis<\/strong>, V. (in press). Clinical linguistics: Adult neurogenic disorders. In E. Leivada &amp; K. K. Grohmann (Eds.), <em>The Cambridge Handbook of Minimalism and Its Interdisciplinary Applications<\/em>. Cambridge University Press.<\/p>\n<p>28. <strong>Fyndanis<\/strong>, V., &amp; Lehtonen, M. (2022). <a href=\"https:\/\/www.taylorfrancis.com\/chapters\/oa-edit\/10.4324\/9781003125815-14\/pathological-language-switching-mixing-relationship-domain-general-cognitive-control-valantis-fyndanis-minna-lehtonen?context=ubx&amp;refId=8bb78831-1b98-4d68-89ae-0d0b09c692ca\">Pathological language-switching\/mixing and its relationship to domain-general cognitive control.<\/a> In U. R\u00f8yneland &amp; R. Blackwood (Eds.), <em>Multilingualism across the Lifespan <\/em>(pp. 209\u2013230)<em>.<\/em> <em>Routledge Critical Studies in Multilingualism<\/em> (edited by M. Martin-Jones &amp; J. Pujolar). New York &amp; London: Routledge. DOI: 10.4324\/9781003125815-10<\/p>\n<p>29. <strong>Fyndanis<\/strong>, V. (2019). Verbs. In J. S. Damico &amp; M. J. Ball (Eds.), <em>The<\/em> <em>SAGE<\/em> <em>Encyclopedia<\/em> <em>of Human Communication Sciences and Disorders<\/em> (pp. 2041\u20132045). Thousand Oaks, USA: Sage Publications, Inc. ISBN: 9781483380834 DOI: 10.4135\/9781483380810.n661<\/p>\n<p>30. Varlokosta, S., Stamouli, S., Karasimos, A., Markopoulos, G., Kakavoulia, M., Nerantzini, M., <strong>Fyndanis<\/strong>, V., Pantoula, A., Economou, A., &amp; Protopapas, A. (2017). A Greek corpus of aphasic discourse: Design and multilevel annotation. In A. Christofidou (Ed.), <em>Aspects of Corpus Linguistics: Principles, applications, challenges. \u2013 <\/em><em>\u0394\u03b5\u03bb\u03c4\u03af\u03bf <\/em><em>\u0395\u03c0\u03b9\u03c3\u03c4\u03b7\u03bc\u03bf\u03bd\u03b9\u03ba\u03ae\u03c2 <\/em><em>\u039f\u03c1\u03bf\u03bb\u03bf\u03b3\u03af\u03b1\u03c2 <\/em><em>\u03ba\u03b1\u03b9 <\/em><em>\u039d\u03b5\u03bf\u03bb\u03bf\u03b3\u03b9\u03c3\u03bc\u03ce\u03bd<\/em><em> (pp. 181\u2013205)<\/em>. Athens: Academy of Athens. (in Greek)<\/p>\n<p>31. <strong>Fyndanis<\/strong>, V. (2012). <a href=\"https:\/\/www.bookdepository.com\/Short-Term-Memory-Garifallia-Kalivas\/9781621008606\">Extending an interactive model of Working Memory and language<\/a><a href=\"https:\/\/www.novapublishers.com\/catalog\/product_info.php?products_id=35919&amp;osCsid=5e9a553a1b1129fed10cc0ad3598a587\" target=\"_blank\" rel=\"noopener noreferrer\">.<\/a> In Kalivas, G. &amp; Petralia, S. F. (Eds.), <em>Short-Term Memory: New Research<\/em> (pp. 175\u2013188). New York: Nova Science Publishers.<\/p>\n<p><strong>Short papers\/long abstracts in peer-reviewed international journals<\/strong><\/p>\n<p>32. <strong>Fyndanis<\/strong>, V., &amp; Themistocleous, C. (2019). Morphosyntactic production in agrammatic aphasia: A cross-linguistic machine learning approach. <em>Frontiers in Human Neuroscience. Conference Abstract: Academy of Aphasia 56<sup>th<\/sup> Annual Meeting. <\/em>DOI: 10.3389\/conf.fnhum.2018.228.00075<\/p>\n<p>33. Terzi, A., Barampati, H., &amp; <strong>Fyndanis<\/strong>, V. (2018). Syntactic comprehension in Parkinson\u2019s disease: Type of embedding and canonicity. <em>Frontiers in Human Neuroscience. Conference Abstract: Academy of Aphasia 56<sup>th<\/sup> Annual Meeting.<\/em> DOI: 10.3389\/conf.fnhum.2018.228.00074<\/p>\n<p>34. <strong>Fyndanis<\/strong>, V., Semenza, C., Capasso, R., Gandolfi, M., De Pellegrin, S., Arcara, G., Burgio, F., Maculan, A., Smania, N., &amp; Miceli, G. (2015). <a href=\"https:\/\/www.frontiersin.org\/10.3389\/conf.fpsyg.2015.65.00011\/event_abstract\" target=\"_blank\" rel=\"noopener noreferrer\"> Production of subject-verb agreement, tense, mood, and negation in Italian agrammatic aphasia. <\/a><em> Frontiers in Psychology<\/em>. DOI: 10.3389\/conf.fpsyg.2015.65.00011<\/p>\n<p>35. Molympaki, E., Nerantzini, M., <strong>Fyndanis<\/strong>, V., Papageorgiou, S., &amp; Varlokosta, S. (2013). <a href=\"http:\/\/www.sciencedirect.com\/science\/article\/pii\/S1877042813031650\" target=\"_blank\" rel=\"noopener noreferrer\">Comprehension abilities in Greek-speaking individuals with probable Alzheimer&#8217;s Disease: Evidence from wh-questions and relative clauses.<\/a><em> Procedia-Social and Behavioral Sciences<\/em>, <em>94<\/em>, 131\u2013132. DOI: 10.1016\/j.sbspro.2013.09.063<\/p>\n<p>36. <strong>Fyndanis<\/strong>, V. (2012). <a href=\"http:\/\/www.sciencedirect.com\/science\/article\/pii\/S187704281204921X\" target=\"_blank\" rel=\"noopener noreferrer\">Basal ganglia and linguistic performance: A case study. <\/a><em> Procedia-Social and Behavioral Sciences<\/em>, <em>61<\/em>, 252\u2013254. DOI: 10.1016\/j.sbspro.2012.10.173<\/p>\n<p>37. <strong>Fyndanis<\/strong>, V. (2010). <a href=\"http:\/\/www.sciencedirect.com\/science\/article\/pii\/S1877042810018963\" target=\"_blank\" rel=\"noopener noreferrer\">Short-term memory and language processing: Extending an interactive model to capture sentence-level data. <\/a><em>Procedia-Social and Behavioral Sciences<\/em>, <em>6<\/em>, 70\u201371. DOI: 10.1016\/j.sbspro.2010.08.036<\/p>\n<p>38. <strong>Fyndanis<\/strong>, V., Tsapkini, K., Varlokosta, S., Petropoulou, K., &amp; Papathanasiou, I. (2006). <a href=\"http:\/\/www.sciencedirect.com\/science\/article\/pii\/S0093934X06001969\" target=\"_blank\" rel=\"noopener noreferrer\">Negation in agrammatism: Evidence from Greek. <\/a><em>Brain and Language<\/em>, <em>99<\/em>, 162\u2013163. DOI: 10.1016\/j.bandl.2006.06.090<\/p>\n<p><strong>Papers in peer-reviewed international Conference Proceedings<\/strong><\/p>\n<p>39. Varlokosta, S., Stamouli, S., Karasimos, A., Markopoulos, G., Kakavoulia, M., Nerantzini, M., Pantoula, A., <strong>Fyndanis<\/strong>, V., Economou, A., &amp; Protopapas, A. (2016). A Greek corpus of aphasic discourse: Collection, transcription, and annotation specifications. In D. Kokkinakis (Ed.), <em>Proceedings of the 10th International Conference on Language Resources and Evaluation (LREC) 2016 Workshop: Resources and Processing of Linguistic and Extra-Linguistic Data from People with Various Forms of Cognitive\/Psychiatric Impairments (RaPID) 2016<\/em>. Available PDF at http:\/\/www.ep.liu.se\/ecp\/128\/003\/ecp16128003.pdf<\/p>\n<p>40. <strong>Fyndanis<\/strong>, V., Nerantzini, M., Choudala, I., &amp; Tsapakis, E. M. (2014). Production of functional categories in agrammatic aphasia and task-related processing demands: The role of \u00b1distant cues. In G. Kotzoglou et al. (Eds.), <em>Selected Papers of the 11th International Conference on Greek Linguistics<\/em> (pp. 428\u2013438). Rhodes\/Greece: University of the Aegean.<\/p>\n<p>41.<strong> Fyndanis<\/strong>, V. (2012). <a href=\"http:\/\/www.icgl.gr\/files\/English\/17.Fyndanis_10ICGL_pp.265-274.pdf\" target=\"_blank\" rel=\"noopener noreferrer\"> Comprehension in Greek-speaking agrammatism: A case study. <\/a> In Z. Gavriilidou, A. Efthymiou, E. Thomadaki, &amp; P. Kambakis-Vougiouklis (Eds.), <em>Selected Papers of the 10th ICGL (International Conference on Greek Linguistics) <\/em> (pp. 265-274). Komotini\/Greece: Democritus University of Thrace. Available on-line: http:\/\/www.icgl.gr\/files\/English\/17.Fyndanis_10ICGL_pp.265-274.pdf<\/p>\n<p>42. <strong>Fyndanis<\/strong>, V., Manouilidou, C., Koufou, E., &amp; Tsapakis, E. M. (2012). Tense, subject-verb agreement and aspect in Alzheimer&#8217;s disease: Evidence from Greek. <em>Studies in Greek Linguistics<\/em>, <em>32<\/em>, 89\u201399.<\/p>\n<p>43. <strong>Fyndanis<\/strong>, V. &amp; Galiussi, F. (2011) Networks of canonical and mirror neurons and language teaching. <em>Studies in Greek Linguistics<\/em>, <em>31<\/em>, 554\u2013564. (in Greek)<\/p>\n<p>44. <strong>Fyndanis<\/strong>, V. (2009). Tense, agreement and aspect in Greek agrammatism. <em>Studies in Greek Linguistics<\/em>, <em>29<\/em>, 566\u2013577. (in Greek)<\/p>\n<p>45. Manouilidou, C., <strong>Fyndanis<\/strong>, V., Kehayia, E., &amp; Ralli, A. (2009). Processing thematic features: From Derivation to Compounding. <em>Proceedings of the 8th International Conference on Greek Linguistics<\/em>. University of Ioannina. Available on-line: http:\/\/www.linguist-uoi.gr\/cd_web\/docs\/english\/024_manouilidouICGL08.pdf<\/p>\n<p>46. Nikolaidis, Y., <strong>Fyndanis<\/strong>, V., &amp; Kostikas-Tselepis, P. (2005). Lingubot technology: Development of virtual agents. <em>Studies in Greek Linguistics<\/em>, <em>25<\/em>, 404\u2013414. (in Greek) [pdf]<\/p>\n<p>47. <strong>Fyndanis<\/strong>, V. (2004). A psycholinguistic approach to the suffix \u2013\u03ce\u03bd(\u03b1\u03c2) [\u03ccnas]. <em>Studies in Greek Linguistics<\/em>, <em>24<\/em>, 775\u2013785. (in Greek)<\/p>\n<p>48. <strong>Fyndanis<\/strong>, V. (2003). The suffix \u2013<em>\u03ce\u03bd(\u03b1\u03c2)<\/em> [\u03ccnas] in Modern Greek. <em>Studies in Greek Linguistics<\/em>, <em>23<\/em>, 519\u2013540. (in Greek)<\/p>\n\n\n<p><\/p>\n","protected":false},"excerpt":{"rendered":"<p>Papers in peer-reviewed international journals 1. Arslan, S., Norvik, M. I., Alyahya, R. S. W., Anjum, J., Fyndanis, V., Grima R, Mart\u00ednez-Ferreiro, S., Munarriz-Ibarrola, A., Pe\u00f1aloza, C., Pierce, J. E., Pourqui\u00e9, M., Python, G., Scheffer, S. D., Soroli, E., Sze, W. P., &amp; Kambanaros, M. (2026). Characterizing the linguistic profiles, training needs, and caseloads of &hellip; <a href=\"https:\/\/fyndanis.com\/?page_id=9\" class=\"more-link\">Continue reading <span class=\"screen-reader-text\">Papers (selection)<\/span> <span class=\"meta-nav\">&rarr;<\/span><\/a><\/p>\n","protected":false},"author":1,"featured_media":0,"parent":0,"menu_order":0,"comment_status":"closed","ping_status":"closed","template":"","meta":{"footnotes":""},"class_list":["post-9","page","type-page","status-publish","hentry"],"_links":{"self":[{"href":"https:\/\/fyndanis.com\/index.php?rest_route=\/wp\/v2\/pages\/9","targetHints":{"allow":["GET"]}}],"collection":[{"href":"https:\/\/fyndanis.com\/index.php?rest_route=\/wp\/v2\/pages"}],"about":[{"href":"https:\/\/fyndanis.com\/index.php?rest_route=\/wp\/v2\/types\/page"}],"author":[{"embeddable":true,"href":"https:\/\/fyndanis.com\/index.php?rest_route=\/wp\/v2\/users\/1"}],"replies":[{"embeddable":true,"href":"https:\/\/fyndanis.com\/index.php?rest_route=%2Fwp%2Fv2%2Fcomments&post=9"}],"version-history":[{"count":100,"href":"https:\/\/fyndanis.com\/index.php?rest_route=\/wp\/v2\/pages\/9\/revisions"}],"predecessor-version":[{"id":463,"href":"https:\/\/fyndanis.com\/index.php?rest_route=\/wp\/v2\/pages\/9\/revisions\/463"}],"wp:attachment":[{"href":"https:\/\/fyndanis.com\/index.php?rest_route=%2Fwp%2Fv2%2Fmedia&parent=9"}],"curies":[{"name":"wp","href":"https:\/\/api.w.org\/{rel}","templated":true}]}}